{"id":209,"date":"2021-08-01T18:59:53","date_gmt":"2021-08-01T16:59:53","guid":{"rendered":"https:\/\/01donovaly.sk\/?page_id=209"},"modified":"2021-08-02T14:53:06","modified_gmt":"2021-08-02T12:53:06","slug":"zjazdove-trate","status":"publish","type":"page","link":"https:\/\/01donovaly.sk\/hu\/zjazdove-trate\/","title":{"rendered":"Lefel\u00e9 fut"},"content":{"rendered":"<section class=\"u-align-center u-clearfix u-palette-1-base u-section-2\" id=\"carousel_cbae\">\n      <div class=\"u-clearfix u-sheet u-valign-middle-sm u-valign-middle-xs u-sheet-1\">\n        <div class=\"u-clearfix u-expanded-width u-layout-wrap u-layout-wrap-1\">\n          <div class=\"u-gutter-0 u-layout\">\n            <div class=\"u-layout-row\">\n              <div class=\"u-align-left u-container-style u-layout-cell u-size-27-lg u-size-27-xl u-size-37-md u-size-37-sm u-size-37-xs u-layout-cell-1\">\n                <div class=\"u-container-layout u-valign-middle u-container-layout-1\">\n                  <a href=\"https:\/\/01donovaly.sk\/hu\/preco-donovaly\/\" class=\"u-active-custom-color-3 u-border-none u-btn u-btn-round u-button-style u-custom-color-3 u-hover-custom-color-3 u-radius-20 u-text-active-white u-text-hover-white u-text-white u-btn-1\">Mi\u00e9rt Donovaly?<\/a>\n                  <h1 class=\"u-text u-text-1\">Lefel\u00e9 fut<\/h1>\n                <\/div>\n              <\/div>\n              <div class=\"u-container-style u-layout-cell u-size-23-md u-size-23-sm u-size-23-xs u-size-33-lg u-size-33-xl u-layout-cell-2\">\n                <div class=\"u-container-layout u-container-layout-2\"><\/div>\n              <\/div>\n            <\/div>\n          <\/div>\n        <\/div>\n      <\/div>\n    <\/section>\n    <section class=\"u-clearfix u-section-3\" id=\"sec-fbe3\">\n      <div class=\"u-clearfix u-sheet u-sheet-1\">\n        <div class=\"u-clearfix u-expanded-width u-gutter-10 u-layout-wrap u-layout-wrap-1\">\n          <div class=\"u-gutter-0 u-layout\">\n            <div class=\"u-layout-col\">\n              <div class=\"u-align-left u-container-style u-layout-cell u-size-30 u-white u-layout-cell-1\">\n                <div class=\"u-container-layout u-valign-middle u-container-layout-1\">\n                  <p class=\"u-align-center u-text u-text-1\"> Kiv\u00e1l\u00f3 s\u00edel\u00e9si felt\u00e9teleket k\u00edn\u00e1lnak \u00d6nnek szlalom-, lesikl\u00f3- vagy s\u00edfut\u00f3 p\u00e1ly\u00e1kkal, vagy egyre vonz\u00f3bb snowboardoz\u00e1ssal - a legmagasabb sz\u00ednvonal\u00fa szolg\u00e1ltat\u00e1sokkal. PARK SNOW Donovaly ter\u00fclet\u00e9n s\u00edk\u00f6lcs\u00f6nz\u0151ket, snowboardokat, s\u00edszolg\u00e1ltat\u00e1sokat, valamint s\u00ediskol\u00e1kat vehet ig\u00e9nybe a kezd\u0151knek.&nbsp;<br>\n                    <br>T\u00f6bb mint 11 km rendszeresen karbantartott s\u00edp\u00e1lya van, 17 s\u00edp\u00e1ly\u00e1r\u00f3l t\u00f6bb mint 7 km mesters\u00e9ges h\u00f3 bor\u00edtja. Biztosan nem hagyja ki az izgalmas \u00e9jszakai s\u00edel\u00e9s lehet\u0151s\u00e9g\u00e9t, vagy a sikl\u00f3erny\u0151z\u00e9s sor\u00e1n mad\u00e1rt\u00e1vlatb\u00f3l kil\u00e1t\u00e1st a h\u00f3f\u00f6dte hegyekre. Ha szereted a snowboard-adrenalint, akkor a freeride-re, ugr\u00e1sra cs\u00e1b\u00edt\u00f3 fels\u0151 tereket tal\u00e1lsz, sz\u00e1mos s\u00ednekkel \u00e9s akad\u00e1lyokkal. \u00c9s sok l\u00e1tnival\u00f3 m\u00e9g mindig megragadja a tekintet\u00e9t\u2026 \n                  <\/p>\n                <\/div>\n              <\/div>\n              <div class=\"u-align-center u-container-style u-layout-cell u-size-30 u-layout-cell-2\">\n                <div class=\"u-container-layout u-container-layout-2\" src=\"\">\n                  <img decoding=\"async\" class=\"u-expanded-width u-image u-image-contain u-image-round u-radius-20 u-image-1\" src=\"https:\/\/01donovaly.sk\/wp-content\/uploads\/2021\/08\/donovaly-mapa-ubytovanie-1024x482-2.jpg\" data-image-width=\"1024\" data-image-height=\"482\" alt=\"Ubytovanie Donovaly, \">\n                <\/div>\n              <\/div>\n            <\/div>\n          <\/div>\n        <\/div>\n      <\/div>\n    <\/section>\n    <section class=\"u-clearfix u-grey-5 u-section-4\" id=\"sec-a5a9\">\n      <div class=\"u-clearfix u-sheet u-sheet-1\">\n        <div class=\"u-clearfix u-expanded-width u-gutter-0 u-layout-wrap u-layout-wrap-1\">\n          <div class=\"u-layout\" style=\"\">\n            <div class=\"u-layout-row\" style=\"\">\n              <div class=\"u-align-left u-container-style u-grey-5 u-layout-cell u-left-cell u-size-30 u-size-xs-60 u-layout-cell-1\" src=\"\">\n                <div class=\"u-container-layout u-valign-middle-lg u-valign-middle-md u-valign-middle-sm u-valign-middle-xl u-container-layout-1\">\n                  <h3 class=\"u-align-center-xs u-text u-text-black u-text-1\">Hol vagyunk<\/h3>\n                  <p class=\"u-align-center-xs u-text u-text-2\"> A Spie\u017eovec apartmanh\u00e1z Donovaly csendes r\u00e9sz\u00e9n tal\u00e1lhat\u00f3. A f\u0151\u00fat mellett tal\u00e1lhat\u00f3, amely ide\u00e1lis a gyermekes csal\u00e1dok sz\u00e1m\u00e1ra, akik t\u00far\u00e1zhatnak a k\u00f6zelben (r\u00e9t, erd\u0151). Alkalmas id\u0151sebb embereknek is, akik b\u00e9k\u00e9t \u00e9s nyugalmat ig\u00e9nyelnek. Ide\u00e1lis magass\u00e1g asztm\u00e1sok sz\u00e1m\u00e1ra.<\/p>\n                  <ul class=\"u-custom-list u-hidden-lg u-hidden-md u-hidden-sm u-hidden-xs u-spacing-30 u-text u-text-3\">\n                    <li style=\"margin-left: 2.1em;\">\n                      <div class=\"class u-list-icon u-text-palette-1-base u-list-icon-1\">\n                        <svg class=\"u-svg-content\" viewbox=\"0 0 512 512\" x=\"0px\" y=\"0px\" id=\"svg-f6be\" style=\"font-size: 2.5em; margin: -2.5em;\"><g><g><path d=\"M383.841,171.838c-7.881-8.31-21.02-8.676-29.343-0.775L221.987,296.732l-63.204-64.893    c-8.005-8.213-21.13-8.393-29.35-0.387c-8.213,7.998-8.386,21.137-0.388,29.35l77.492,79.561    c4.061,4.172,9.458,6.275,14.869,6.275c5.134,0,10.268-1.896,14.288-5.694l147.373-139.762    C391.383,193.294,391.735,180.155,383.841,171.838z\"><\/path>\n<\/g>\n<\/g><g><g><path d=\"M256,0C114.84,0,0,114.84,0,256s114.84,256,256,256s256-114.84,256-256S397.16,0,256,0z M256,470.487    c-118.265,0-214.487-96.214-214.487-214.487c0-118.265,96.221-214.487,214.487-214.487c118.272,0,214.487,96.221,214.487,214.487    C470.487,374.272,374.272,470.487,256,470.487z\"><\/path>\n<\/g>\n<\/g><\/svg>\n                      <\/div>&nbsp; &nbsp; &nbsp;A t\u00e9li szezon az ig\u00e9nyes \u00e9s szabadid\u0151s s\u00edel\u0151k, snowboardosok, s\u00edfut\u00f3k, sikl\u00f3erny\u0151s\u00f6k paradicsoma \n                    <\/li>\n                    <li style=\"margin-left: 2.1em;\">\n                      <div class=\"class u-list-icon u-text-palette-1-base u-list-icon-2\">\n                        <svg class=\"u-svg-content\" viewbox=\"0 0 512 512\" x=\"0px\" y=\"0px\" id=\"svg-f6be\" style=\"font-size: 2.5em; margin: -2.5em;\"><g><g><path d=\"M383.841,171.838c-7.881-8.31-21.02-8.676-29.343-0.775L221.987,296.732l-63.204-64.893    c-8.005-8.213-21.13-8.393-29.35-0.387c-8.213,7.998-8.386,21.137-0.388,29.35l77.492,79.561    c4.061,4.172,9.458,6.275,14.869,6.275c5.134,0,10.268-1.896,14.288-5.694l147.373-139.762    C391.383,193.294,391.735,180.155,383.841,171.838z\"><\/path>\n<\/g>\n<\/g><g><g><path d=\"M256,0C114.84,0,0,114.84,0,256s114.84,256,256,256s256-114.84,256-256S397.16,0,256,0z M256,470.487    c-118.265,0-214.487-96.214-214.487-214.487c0-118.265,96.221-214.487,214.487-214.487c118.272,0,214.487,96.221,214.487,214.487    C470.487,374.272,374.272,470.487,256,470.487z\"><\/path>\n<\/g>\n<\/g><\/svg>\n                      <\/div>&nbsp; &nbsp; &nbsp;Ny\u00e1ri szezon t\u00far\u00e1z\u00e1s, ker\u00e9kp\u00e1roz\u00e1s - 375 km megjel\u00f6lt ker\u00e9kp\u00e1r\u00fat \n                    <\/li>\n                  <\/ul>\n                <\/div>\n              <\/div>\n              <div class=\"u-align-center u-container-style u-layout-cell u-right-cell u-size-30 u-size-xs-60 u-layout-cell-2\" src=\"\">\n                <div class=\"u-container-layout u-container-layout-2\" src=\"\">\n                  <img decoding=\"async\" class=\"u-expanded-width u-image u-image-round u-radius-40 u-image-1\" src=\"https:\/\/01donovaly.sk\/wp-content\/uploads\/2021\/08\/lyziar-1.jpg\" data-image-width=\"560\" data-image-height=\"372\">\n                <\/div>\n              <\/div>\n            <\/div>\n          <\/div>\n        <\/div>\n      <\/div>\n    <\/section>\n    <section class=\"skrollable u-clearfix u-image u-parallax u-section-5\" id=\"sec-e67e\" data-image-width=\"1024\" data-image-height=\"683\">\n      <div class=\"u-absolute-hcenter u-align-center-lg u-align-center-md u-align-center-sm u-align-center-xs u-container-style u-expanded u-group u-opacity u-opacity-90 u-palette-1-base u-shape-rectangle u-group-1\">\n        <div class=\"u-container-layout u-valign-middle u-container-layout-1\">\n          <h2 class=\"u-align-center-xl u-text u-text-white u-text-1\">Sz\u00edvesen l\u00e1t sz\u00e1ll\u00e1st Donovalyban? Forduljon hozz\u00e1nk bizalommal!<\/h2>\n          <a href=\"https:\/\/01donovaly.sk\/hu\/kontakt\/\" class=\"u-border-none u-btn u-btn-round u-button-style u-hover-palette-2-base u-radius-20 u-text-hover-white u-white u-btn-1\">\u00c9RDEKELNE<\/a>\n        <\/div>\n      <\/div>\n    <\/section>","protected":false},"excerpt":{"rendered":"<p>Pre\u010do Donovaly? Zjazdov\u00e9 trate Pripraven\u00e9 s\u00fa pre v\u00e1s vynikaj\u00face ly\u017eiarske podmienky so skvel\u00fdmi tra\u0165ami na slalom, zjazd, \u010di be\u017ekovanie, alebo \u010doraz atrakt\u00edvnej\u0161\u00ed snowboarding \u2013 so slu\u017ebami s najvy\u0161\u0161\u00edm \u0161tandardom. V na\u0161om PARKu SNOW Donovaly m\u00f4\u017eete vyu\u017ei\u0165 po\u017ei\u010dovne ly\u017e\u00ed, snowboardov, ski-servisov, ako aj ly\u017eiarskych \u0161k\u00f4l pre za\u010diato\u010dn\u00edkov.&nbsp; K dispoz\u00edcii je viac ako 11 km pravidelne upravovan\u00fdch &hellip; <a href=\"https:\/\/01donovaly.sk\/hu\/zjazdove-trate\/\" class=\"more-link\">Continue reading<span class=\"screen-reader-text\"> &#8222;Zjazdov\u00e9 trate&#8220;<\/span><\/a><\/p>","protected":false},"author":1,"featured_media":0,"parent":0,"menu_order":10,"comment_status":"closed","ping_status":"closed","template":"","meta":{"footnotes":""},"class_list":["post-209","page","type-page","status-publish","hentry"],"_links":{"self":[{"href":"https:\/\/01donovaly.sk\/hu\/wp-json\/wp\/v2\/pages\/209","targetHints":{"allow":["GET"]}}],"collection":[{"href":"https:\/\/01donovaly.sk\/hu\/wp-json\/wp\/v2\/pages"}],"about":[{"href":"https:\/\/01donovaly.sk\/hu\/wp-json\/wp\/v2\/types\/page"}],"author":[{"embeddable":true,"href":"https:\/\/01donovaly.sk\/hu\/wp-json\/wp\/v2\/users\/1"}],"replies":[{"embeddable":true,"href":"https:\/\/01donovaly.sk\/hu\/wp-json\/wp\/v2\/comments?post=209"}],"version-history":[{"count":0,"href":"https:\/\/01donovaly.sk\/hu\/wp-json\/wp\/v2\/pages\/209\/revisions"}],"wp:attachment":[{"href":"https:\/\/01donovaly.sk\/hu\/wp-json\/wp\/v2\/media?parent=209"}],"curies":[{"name":"wp","href":"https:\/\/api.w.org\/{rel}","templated":true}]}}